{"id":2115,"date":"2018-12-13T17:53:29","date_gmt":"2018-12-13T14:53:29","guid":{"rendered":"https:\/\/www.houseofcars.ro\/?page_id=2115"},"modified":"2018-12-13T19:29:57","modified_gmt":"2018-12-13T16:29:57","slug":"2115-2","status":"publish","type":"page","link":"https:\/\/www.houseofcars.ro\/?lang=ro","title":{"rendered":"Acasa"},"content":{"rendered":"<p>[et_pb_section bb_built=&#8221;1&#8243; fullwidth=&#8221;on&#8221; _builder_version=&#8221;3.17.1&#8243; parallax=&#8221;on&#8221; next_background_color=&#8221;#000000&#8243;][et_pb_fullwidth_image src=&#8221;https:\/\/www.houseofcars.ro\/wp-content\/uploads\/2018\/01\/cars10.jpeg&#8221; _builder_version=&#8221;3.18.6&#8243;]<\/p>\n<p>\n&nbsp;<\/p>\n<p>[\/et_pb_fullwidth_image][\/et_pb_section][et_pb_section bb_built=&#8221;1&#8243; fullwidth=&#8221;off&#8221; specialty=&#8221;off&#8221; prev_background_color=&#8221;#000000&#8243; next_background_color=&#8221;#000000&#8243;][et_pb_row _builder_version=&#8221;3.17.1&#8243; custom_margin=&#8221;0px||-70px|&#8221; custom_padding=&#8221;0px||0px|&#8221;][et_pb_column type=&#8221;4_4&#8243;][et_pb_text _builder_version=&#8221;3.18.6&#8243; header_text_align=&#8221;left&#8221; header_font_size=&#8221;45px&#8221; header_font=&#8221;|700|||||||&#8221; header_text_shadow_vertical_length=&#8221;0.1em&#8221; header_text_shadow_blur_strength=&#8221;0.1em&#8221;]<\/p>\n<h1>Compania noastr\u0103<\/h1>\n<p>[\/et_pb_text][et_pb_divider _builder_version=&#8221;3.17.1&#8243; color=&#8221;#065aa8&#8243; divider_weight=&#8221;4&#8243; max_width=&#8221;15%&#8221; module_alignment=&#8221;left&#8221; \/][\/et_pb_column][\/et_pb_row][\/et_pb_section][et_pb_section bb_built=&#8221;1&#8243; specialty=&#8221;on&#8221; prev_background_color=&#8221;#000000&#8243; next_background_color=&#8221;#000000&#8243; _builder_version=&#8221;3.17.1&#8243; custom_margin=&#8221;-30px|||&#8221;][et_pb_column type=&#8221;1_3&#8243;][et_pb_text _builder_version=&#8221;3.18.6&#8243; header_text_align=&#8221;justify&#8221; header_font_size=&#8221;25px&#8221; text_orientation=&#8221;justified&#8221; header_2_text_align=&#8221;left&#8221; header_2_font_size=&#8221;24px&#8221; header_2_line_height=&#8221;1.1em&#8221;]<\/p>\n<div class=\"wpb_text_column wpb_content_element vc_custom_1519326016159\">\n<div class=\"wpb_wrapper\">\n<h2><strong>House of Cars este o firm\u0103 ce se ocup\u0103 cu achizi\u021bii \u0219i consultan\u021b\u0103 \u00een domeniul auto \u0219i \u00ee\u0219i are sediul \u00een Cluj-Napoca.<\/strong><\/h2>\n<\/div>\n<\/div>\n<div class=\"wpb_text_column wpb_content_element vc_custom_1519372595854\">\n<div class=\"wpb_wrapper\">\n<p>Lucr\u0103m \u00eempreun\u0103 cu clien\u021bii no\u0219tri \u0219i le oferim servicii personalizate ca ace\u0219tia s\u0103 g\u0103seasc\u0103 exact ceea ce \u0219i-au propus. Din acest motiv lista noastr\u0103 de servicii este \u00een continu\u0103 dezvoltare, cuprinz\u00e2nd servicii de la c\u0103utare ma\u0219ini la op\u021biuni de finan\u021bare at\u00e2t pentru persoane fizice c\u00e2t \u0219i pentru persoane juridice.<\/p>\n<\/div>\n<\/div>\n<p>[\/et_pb_text][et_pb_button _builder_version=&#8221;3.18.6&#8243; button_text=&#8221;CITE\u0218TE MAI MULT&#8221; button_alignment=&#8221;center&#8221; custom_button=&#8221;on&#8221; button_text_color=&#8221;#ffffff&#8221; button_bg_color=&#8221;#727272&#8243; button_border_color=&#8221;#727272&#8243; button_url=&#8221;\/index.php\/about-us\/?lang=ro&#8221; \/][\/et_pb_column][et_pb_column type=&#8221;2_3&#8243; specialty_columns=&#8221;4&#8243;][et_pb_row_inner admin_label=&#8221;Row&#8221;][et_pb_column_inner type=&#8221;1_2&#8243; saved_specialty_column_type=&#8221;2_3&#8243;][et_pb_text _builder_version=&#8221;3.18.6&#8243; text_orientation=&#8221;justified&#8221;]<\/p>\n<h2>Cerere ofert\u0103<\/h2>\n<p>Indiferent de cerin\u021bele dumneavoastr\u0103 noi v\u0103 putem ajuta s\u0103 gasi\u021bi ma\u0219ina potrivit\u0103. \u00cen baza informa\u021biilor pe care ni le furniza\u021bi \u00eencepem s\u0103 c\u0103ut\u0103m cea mai potrivit\u0103 ma\u0219in\u0103 pentru dumneavoastr\u0103 sau pentru compania dumneavoastr\u0103.<\/p>\n<p>[\/et_pb_text][et_pb_text _builder_version=&#8221;3.18.6&#8243; text_orientation=&#8221;justified&#8221;]<\/p>\n<h2>Leasing<\/h2>\n<p>Oferim op\u021biuni de leasing prin partenerul nostru at\u00e2t pentru autoturismele noi, c\u00e2t \u0219i pentru cele second-hand. Acest lucru faciliteaz\u0103 accesul dvs. sau al companiei dvs. la autoturismul \/ autoturismele de care ave\u021bi nevoie.<\/p>\n<p>[\/et_pb_text][\/et_pb_column_inner][et_pb_column_inner type=&#8221;1_2&#8243; saved_specialty_column_type=&#8221;2_3&#8243;][et_pb_text _builder_version=&#8221;3.18.6&#8243;]<\/p>\n<h2>Ma\u0219ini noi<\/h2>\n<p>De\u0219i am \u00eenceput ca o reprezentan\u021b\u0103 de ma\u0219ini second-hand, oferim acum posibilitatea de a achizi\u021biona, prin serviciile noastre de leasing, ma\u0219ini noi.<\/p>\n<p>[\/et_pb_text][et_pb_text _builder_version=&#8221;3.18.6&#8243; text_orientation=&#8221;justified&#8221;]<\/p>\n<h2>Ma\u0219ini Second-Hand<\/h2>\n<p>Principalul nostru obiectiv este s\u0103 g\u0103sim cea mai potrivit\u0103\/ cele mia potrivite ma\u0219ini second-hand de pe pia\u021b\u0103 pentru dvs. Ne dorim s\u0103 ob\u021bine\u021bi cea mai bun\u0103 ofert\u0103 pentru modelul \u0219i specifica\u021biile pe care le-a\u021bi solicitat. V\u0103 putem livra acest lucru prin achizi\u021bie direct\u0103 sau cu ajutorul programului nostru de leasing.<\/p>\n<p>[\/et_pb_text][\/et_pb_column_inner][\/et_pb_row_inner][\/et_pb_column][\/et_pb_section][et_pb_section bb_built=&#8221;1&#8243; _builder_version=&#8221;3.18.6&#8243; background_image=&#8221;https:\/\/www.houseofcars.ro\/wp-content\/uploads\/2018\/08\/m4w2.jpg&#8221; custom_padding=&#8221;150px|0px|150px|0px&#8221; prev_background_color=&#8221;#ffffff&#8221;][et_pb_row _builder_version=&#8221;3.17.1&#8243; background_size=&#8221;initial&#8221; background_position=&#8221;top_left&#8221; background_repeat=&#8221;repeat&#8221;][et_pb_column type=&#8221;1_2&#8243;][et_pb_text _builder_version=&#8221;3.18.6&#8243; text_font_size=&#8221;32px&#8221; text_text_color=&#8221;#ffffff&#8221; header_text_color=&#8221;#ffffff&#8221; header_font_size=&#8221;40px&#8221; header_text_align=&#8221;center&#8221;]<\/p>\n<h1><strong>Vrei s\u0103 afli mai multe\u00a0<\/strong><\/h1>\n<p>[\/et_pb_text][et_pb_button button_url=&#8221;\/index.php\/services-hoc\/&#8221; button_text=&#8221;Servicii&#8221; _builder_version=&#8221;3.18.6&#8243; button_alignment=&#8221;center&#8221; custom_button=&#8221;on&#8221; button_text_color=&#8221;#b2b2b2&#8243; button_bg_color=&#8221;#ffffff&#8221; button_border_color=&#8221;#ffffff&#8221; button_border_radius=&#8221;20&#8243;]<\/p>\n<p>\n&nbsp;<\/p>\n<p>[\/et_pb_button][\/et_pb_column][et_pb_column type=&#8221;1_2&#8243;][et_pb_text _builder_version=&#8221;3.18.6&#8243; header_text_align=&#8221;center&#8221; header_text_color=&#8221;#ffffff&#8221; header_font_size=&#8221;40px&#8221;]<\/p>\n<h1><strong>\u0218tii ce ma\u0219in\u0103 vrei?<\/strong><\/h1>\n<p>[\/et_pb_text][et_pb_button button_url=&#8221;\/index.php\/request-a-car\/&#8221; button_text=&#8221;Cere ofert\u0103&#8221; _builder_version=&#8221;3.18.6&#8243; button_alignment=&#8221;center&#8221; custom_button=&#8221;on&#8221; button_text_color=&#8221;#b2b2b2&#8243; button_bg_color=&#8221;#ffffff&#8221; button_border_color=&#8221;#ffffff&#8221; button_border_radius=&#8221;20&#8243;]<\/p>\n<p>\n&nbsp;<\/p>\n<p>[\/et_pb_button][\/et_pb_column][\/et_pb_row][\/et_pb_section]<\/p>\n","protected":false},"excerpt":{"rendered":"<p>[et_pb_section bb_built=&#8221;1&#8243; fullwidth=&#8221;on&#8221; _builder_version=&#8221;3.17.1&#8243; parallax=&#8221;on&#8221; next_background_color=&#8221;#000000&#8243;][et_pb_fullwidth_image src=&#8221;https:\/\/www.houseofcars.ro\/wp-content\/uploads\/2018\/01\/cars10.jpeg&#8221; _builder_version=&#8221;3.18.6&#8243;] &nbsp; [\/et_pb_fullwidth_image][\/et_pb_section][et_pb_section bb_built=&#8221;1&#8243; fullwidth=&#8221;off&#8221; specialty=&#8221;off&#8221; prev_background_color=&#8221;#000000&#8243; next_background_color=&#8221;#000000&#8243;][et_pb_row _builder_version=&#8221;3.17.1&#8243; custom_margin=&#8221;0px||-70px|&#8221; custom_padding=&#8221;0px||0px|&#8221;][et_pb_column type=&#8221;4_4&#8243;][et_pb_text _builder_version=&#8221;3.18.6&#8243; header_text_align=&#8221;left&#8221; header_font_size=&#8221;45px&#8221; header_font=&#8221;|700|||||||&#8221; header_text_shadow_vertical_length=&#8221;0.1em&#8221; header_text_shadow_blur_strength=&#8221;0.1em&#8221;] Compania noastr\u0103 [\/et_pb_text][et_pb_divider _builder_version=&#8221;3.17.1&#8243; color=&#8221;#065aa8&#8243; divider_weight=&#8221;4&#8243; max_width=&#8221;15%&#8221; module_alignment=&#8221;left&#8221; \/][\/et_pb_column][\/et_pb_row][\/et_pb_section][et_pb_section bb_built=&#8221;1&#8243; specialty=&#8221;on&#8221; prev_background_color=&#8221;#000000&#8243; next_background_color=&#8221;#000000&#8243; _builder_version=&#8221;3.17.1&#8243; custom_margin=&#8221;-30px|||&#8221;][et_pb_column type=&#8221;1_3&#8243;][et_pb_text _builder_version=&#8221;3.18.6&#8243; header_text_align=&#8221;justify&#8221; header_font_size=&#8221;25px&#8221; text_orientation=&#8221;justified&#8221; header_2_text_align=&#8221;left&#8221; header_2_font_size=&#8221;24px&#8221; header_2_line_height=&#8221;1.1em&#8221;] House of Cars este o firm\u0103 ce [&hellip;]<\/p>\n","protected":false},"author":1,"featured_media":0,"parent":0,"menu_order":0,"comment_status":"closed","ping_status":"closed","template":"","meta":{"_et_pb_use_builder":"on","_et_pb_old_content":""},"_links":{"self":[{"href":"https:\/\/www.houseofcars.ro\/index.php\/wp-json\/wp\/v2\/pages\/2115\/?lang=ro"}],"collection":[{"href":"https:\/\/www.houseofcars.ro\/index.php\/wp-json\/wp\/v2\/pages\/?lang=ro"}],"about":[{"href":"https:\/\/www.houseofcars.ro\/index.php\/wp-json\/wp\/v2\/types\/page\/?lang=ro"}],"author":[{"embeddable":true,"href":"https:\/\/www.houseofcars.ro\/index.php\/wp-json\/wp\/v2\/users\/1\/?lang=ro"}],"replies":[{"embeddable":true,"href":"https:\/\/www.houseofcars.ro\/index.php\/wp-json\/wp\/v2\/comments\/?lang=ro&post=2115"}],"version-history":[{"count":7,"href":"https:\/\/www.houseofcars.ro\/index.php\/wp-json\/wp\/v2\/pages\/2115\/revisions\/?lang=ro"}],"predecessor-version":[{"id":2167,"href":"https:\/\/www.houseofcars.ro\/index.php\/wp-json\/wp\/v2\/pages\/2115\/revisions\/2167\/?lang=ro"}],"wp:attachment":[{"href":"https:\/\/www.houseofcars.ro\/index.php\/wp-json\/wp\/v2\/media\/?lang=ro&parent=2115"}],"curies":[{"name":"wp","href":"https:\/\/api.w.org\/{rel}","templated":true}]}}