{"id":2124,"date":"2018-12-13T18:36:13","date_gmt":"2018-12-13T15:36:13","guid":{"rendered":"https:\/\/www.houseofcars.ro\/?page_id=2124"},"modified":"2018-12-13T18:37:09","modified_gmt":"2018-12-13T15:37:09","slug":"about-us","status":"publish","type":"page","link":"https:\/\/www.houseofcars.ro\/index.php\/about-us\/?lang=ro","title":{"rendered":"About us"},"content":{"rendered":"<p>[et_pb_section bb_built=&#8221;1&#8243; fullwidth=&#8221;on&#8221; _builder_version=&#8221;3.17.1&#8243; parallax=&#8221;on&#8221; next_background_color=&#8221;#000000&#8243;][et_pb_fullwidth_image src=&#8221;https:\/\/www.houseofcars.ro\/wp-content\/uploads\/2018\/12\/17C892_004.jpg&#8221; _builder_version=&#8221;3.18.6&#8243;]<\/p>\n<p>\n&nbsp;<\/p>\n<p>[\/et_pb_fullwidth_image][\/et_pb_section][et_pb_section bb_built=&#8221;1&#8243; _builder_version=&#8221;3.0.47&#8243; prev_background_color=&#8221;#000000&#8243; next_background_color=&#8221;#000000&#8243;][et_pb_row _builder_version=&#8221;3.0.48&#8243; background_size=&#8221;initial&#8221; background_position=&#8221;top_left&#8221; background_repeat=&#8221;repeat&#8221;][et_pb_column type=&#8221;4_4&#8243;][et_pb_text _builder_version=&#8221;3.18.6&#8243; header_font=&#8221;|800|||||||&#8221; header_text_align=&#8221;center&#8221; header_2_font=&#8221;|700|||||||&#8221; header_2_text_align=&#8221;center&#8221; text_orientation=&#8221;justified&#8221; header_font_size_last_edited=&#8221;off|&#8221;]<\/p>\n<h1><strong>House of Cars este o firm\u0103 ce se ocup\u0103 cu achizi\u021bii \u0219i consultan\u021b\u0103 \u00een domeniul auto \u0219i \u00ee\u0219i are sediul \u00een Cluj-Napoca.\u00a0\u00a0<\/strong><\/h1>\n<p>Lucr\u0103m \u00eempreun\u0103 cu clien\u021bii no\u0219tri \u0219i le oferim servicii personalizate ca ace\u0219tia s\u0103 g\u0103seasc\u0103 exact ceea ce \u0219i-au propus. Din acest motiv lista noastr\u0103 de servicii este \u00een continu\u0103 dezvoltare, cuprinz\u00e2nd servicii de la c\u0103utare ma\u0219ini la op\u021biuni de finan\u021bare at\u00e2t pentru persoane fizice c\u00e2t \u0219i pentru persoane juridice.<\/p>\n<p>Care este scopul nostru? E simplu: dorim s\u0103 creem rela\u021bii de lung\u0103 durat\u0103 prin a avea cei mai fericiti clienti!<\/p>\n<p>\u00a0<\/p>\n<h2 style=\"text-align: center;\"><strong>Deocamdat\u0103 suntem o firm\u0103 mic\u0103 cu o echip\u0103 formata din dou\u0103 persoane: <\/strong><\/h2>\n<p>[\/et_pb_text][\/et_pb_column][\/et_pb_row][et_pb_row _builder_version=&#8221;3.0.48&#8243; background_size=&#8221;initial&#8221; background_position=&#8221;top_left&#8221; background_repeat=&#8221;repeat&#8221;][et_pb_column type=&#8221;1_2&#8243;][et_pb_text _builder_version=&#8221;3.18.6&#8243; text_orientation=&#8221;justified&#8221;]<\/p>\n<p>Ma\u0219inile sunt pasiunea mea! \u00cenc\u0103 de la v\u00e2rsta de 5 ani am fost complet obsedat de ele, av\u00e2nd o dorin\u021b\u0103 aprins\u0103 s\u0103 le aflu numele \u0219i s\u0103 descop\u0103r c\u00e2t mai multe despre ele. La scurt timp dup\u0103 p\u0103rin\u021bii mei m-au introdus revistelor auto\u2026Obsesia prinde aripi! Ceva mai t\u00e2rziu apare o nou\u0103 pasiune \u0219i anume pasiunea antreprenoriatului.<\/p>\n<p>A durat ceva p\u00e2n\u0103 am f\u0103cut leg\u0103tura \u0219i am \u00eembinat cele doua pasiuni \u00een ceea ce acum v\u0103 prezent\u0103m ca \u0219i House of Cars Dealer SRL. Prin HOC vrem s\u0103 ajungem unul dintre juc\u0103torii de top de pe pia\u021ba auto din Rom\u00e2nia.<\/p>\n<p>[\/et_pb_text][\/et_pb_column][et_pb_column type=&#8221;1_2&#8243;][et_pb_image src=&#8221;https:\/\/www.houseofcars.ro\/wp-content\/uploads\/2018\/08\/ionutchirila.jpg&#8221; align=&#8221;center&#8221; _builder_version=&#8221;3.17.1&#8243; custom_margin=&#8221;0px|0px|0px|0px&#8221; show_bottom_space=&#8221;off&#8221; custom_padding=&#8221;0px|0px|0px|0px&#8221;]<\/p>\n<p>\n&nbsp;<\/p>\n<p>[\/et_pb_image][\/et_pb_column][\/et_pb_row][et_pb_row _builder_version=&#8221;3.0.48&#8243; background_size=&#8221;initial&#8221; background_position=&#8221;top_left&#8221; background_repeat=&#8221;repeat&#8221;][et_pb_column type=&#8221;1_2&#8243;][et_pb_image src=&#8221;https:\/\/www.houseofcars.ro\/wp-content\/uploads\/2018\/08\/andreitatar1.jpg&#8221; _builder_version=&#8221;3.17.1&#8243; align=&#8221;center&#8221; show_bottom_space=&#8221;off&#8221; custom_margin=&#8221;0px|0px|0px|0px&#8221; custom_padding=&#8221;0px|0px|0px|0px&#8221;]<\/p>\n<p>\n&nbsp;<\/p>\n<p>[\/et_pb_image][\/et_pb_column][et_pb_column type=&#8221;1_2&#8243;][et_pb_text _builder_version=&#8221;3.18.6&#8243; text_orientation=&#8221;justified&#8221;]<\/p>\n<p>Dup\u0103 mul\u021bi ani \u00een sectorul de remarketing autovehicule, am decis s\u0103 duc lucrurile la un alt nivel: House of Cars Dealer SRL. Prin aceast\u0103 companie doresc s\u0103 aduc pe pie\u021bele rom\u00e2ne\u0219ti \u0219i europene o modalitate mai bun\u0103 de operare zilnic\u0103, o modalitate prin care clientul prime\u0219te toate informa\u021biile disponibile, \u00een care transparen\u021ba nu este o zon\u0103 de compromis \u0219i clientul \u00ee\u0219i p\u0103streaz\u0103 controlul de la \u00eenceputul colaborarii p\u00e2n\u0103 la sf\u00e2r\u0219it.<\/p>\n<p>Principiile nostre sunt cele mai important pentru noi la House of Cars Dealer SRL. Indiferent c\u00e2t de grea vi se pare alegerea, daca sunteti indecis sau aveti un buget limitat, vom g\u0103si o solu\u021bie pentru cerin\u021bele dvs.<\/p>\n<p>[\/et_pb_text][\/et_pb_column][\/et_pb_row][\/et_pb_section][et_pb_section bb_built=&#8221;1&#8243; _builder_version=&#8221;3.18.6&#8243; background_image=&#8221;https:\/\/www.houseofcars.ro\/wp-content\/uploads\/2018\/08\/m4w2.jpg&#8221; custom_padding=&#8221;150px|0px|150px|0px&#8221; prev_background_color=&#8221;#ffffff&#8221;][et_pb_row _builder_version=&#8221;3.17.1&#8243; background_size=&#8221;initial&#8221; background_position=&#8221;top_left&#8221; background_repeat=&#8221;repeat&#8221;][et_pb_column type=&#8221;1_2&#8243;][et_pb_text _builder_version=&#8221;3.18.6&#8243; text_font_size=&#8221;32px&#8221; text_text_color=&#8221;#ffffff&#8221; header_text_color=&#8221;#ffffff&#8221; header_font_size=&#8221;40px&#8221; header_text_align=&#8221;center&#8221;]<\/p>\n<h1><strong>Vrei s\u0103 afli mai multe\u00a0<\/strong><\/h1>\n<p>[\/et_pb_text][et_pb_button button_url=&#8221;\/index.php\/services-hoc\/&#8221; button_text=&#8221;Servicii&#8221; _builder_version=&#8221;3.18.6&#8243; button_alignment=&#8221;center&#8221; custom_button=&#8221;on&#8221; button_text_color=&#8221;#b2b2b2&#8243; button_bg_color=&#8221;#ffffff&#8221; button_border_color=&#8221;#ffffff&#8221; button_border_radius=&#8221;20&#8243;]<\/p>\n<p>\n&nbsp;<\/p>\n<p>[\/et_pb_button][\/et_pb_column][et_pb_column type=&#8221;1_2&#8243;][et_pb_text _builder_version=&#8221;3.18.6&#8243; header_text_align=&#8221;center&#8221; header_text_color=&#8221;#ffffff&#8221; header_font_size=&#8221;40px&#8221;]<\/p>\n<h1><strong>\u0218tii ce ma\u0219in\u0103 vrei?<\/strong><\/h1>\n<p>[\/et_pb_text][et_pb_button button_url=&#8221;\/index.php\/request-a-car\/&#8221; button_text=&#8221;Cere ofert\u0103&#8221; _builder_version=&#8221;3.18.6&#8243; button_alignment=&#8221;center&#8221; custom_button=&#8221;on&#8221; button_text_color=&#8221;#b2b2b2&#8243; button_bg_color=&#8221;#ffffff&#8221; button_border_color=&#8221;#ffffff&#8221; button_border_radius=&#8221;20&#8243;]<\/p>\n<p>\n&nbsp;<\/p>\n<p>[\/et_pb_button][\/et_pb_column][\/et_pb_row][\/et_pb_section]<\/p>\n","protected":false},"excerpt":{"rendered":"<p>Morbi posuere accumsan diam, a dignissim justo faucibus et. Vivamus at nulla at leo dignissim lobortis. Aliquam sed consequat dolor. Cras et facilisis urna. Curabitur venenatis facilisis libero, eget ultricies mi aliquam tincidunt. Curabitur non elit neque. Phasellus ac scelerisque.<\/p>\n","protected":false},"author":1,"featured_media":0,"parent":0,"menu_order":0,"comment_status":"closed","ping_status":"closed","template":"","meta":{"_et_pb_use_builder":"on","_et_pb_old_content":"<p>[vc_row full_width=\"stretch_row\" full_height=\"yes\" content_placement=\"middle\"][vc_column parallax=\"content-moving-fade\" parallax_image=\"1193\"][vc_column_text]sasa<\/p><p>\u00a0<\/p><p>\u00a0<\/p><p>\u00a0<\/p><p>\u00a0<\/p><p>\u00a0<\/p><p>\u00a0<\/p><p>asas[\/vc_column_text][\/vc_column][\/vc_row][vc_row css=\".vc_custom_1493553596582{margin-bottom: 30px !important;}\"][vc_column][vc_column_text]<\/p><h3 class=\"text-center\" style=\"text-align: center;\"><strong>House of Cars is an automotive acquisition and consultancy company based in Cluj-Napoca.<\/strong><\/h3><p>We provide bespoke <a href=\"http:\/\/web.houseofcars.ro\/index.php\/services-hoc\/\">services<\/a>, working together with our clients to meet their needs and requests. Because of this we provide a growing list of services, ranging from simple search requests to financing options both for companies and private clients.<\/p><p>Our aim is a very simple and straight forward one: build long lasting partnerships by making our clients happy!<\/p><h4><strong>For now we are a small company with a team of two:<\/strong><\/h4><p>\u00a0<\/p><p>[\/vc_column_text][\/vc_column][\/vc_row][vc_row full_width=\"stretch_row\" halcyon_half_enable=\"1\" halcyon_half_right=\"1\" halcyon_half_image=\"1207\" css=\".vc_custom_1533652735772{margin-top: -100px !important;padding-top: 100px !important;padding-bottom: 80px !important;}\"][vc_column width=\"1\/2\" offset=\"vc_col-lg-offset-0 vc_col-lg-5 vc_col-md-offset-0 vc_col-md-6\"][vc_column_text css=\".vc_custom_1523453586739{margin-bottom: 30px !important;}\"]<\/p><p>\u00a0<\/p><p>[\/vc_column_text][vc_column_text css=\".vc_custom_1533651588797{margin-bottom: 40px !important;}\"]<em>Cars are my passion! Since I was 5 years old I was obsessed with them, learning the names of all the cars I could get my eyes on. Then my parents introduced me to car magazines\u2026Oh my! <\/em><\/p><p><em>Mix this with my love of businesses and entrepreneurship and here we are, starting House of Cars and trying to improve and become one of the top players on the Romanian car market.<\/em>[\/vc_column_text][\/vc_column][\/vc_row][vc_row full_width=\"stretch_row\" halcyon_half_enable=\"1\" halcyon_half_image=\"1206\" css=\".vc_custom_1533652680939{margin-bottom: 100px !important;padding-top: 100px !important;padding-bottom: 80px !important;}\"][vc_column width=\"1\/2\" offset=\"vc_col-lg-offset-7 vc_col-lg-5 vc_col-md-offset-6 vc_col-md-6\"][vc_column_text css=\".vc_custom_1523453598694{margin-bottom: 30px !important;}\"]<\/p><p>\u00a0<\/p><p>[\/vc_column_text][vc_column_text css=\".vc_custom_1533652388628{margin-bottom: 40px !important;}\"]<\/p><div>After plenty of years in the automotive Remarketing sector I have decided to take it all to a whole other level: House of Cars Dealer SRL. Through this company I wish to bring to both the Romanian and European markets a better way of daily operations, a way through which the client receives all available information, where transparency is not an area of compromise and the client retains control from the beginning of our collaboration until the end.<br \/>Our principles our the most important thing to us at House of Cars Dealer SRL. No matter how difficult or undecided you think you might be or you think you have too small a budget, we will find a solutions for your requirements.<\/div><div>\u00a0<\/div><p>[\/vc_column_text][\/vc_column][\/vc_row][vc_row full_width=\"stretch_row_content\" css=\".vc_custom_1493556047495{margin-bottom: 30px !important;}\"][vc_column][milo_dividers][\/vc_column][\/vc_row][vc_row full_width=\"stretch_row\" parallax=\"stellar\" parallax_image=\"1194\" css=\".vc_custom_1533651200180{padding-top: 100px !important;padding-bottom: 100px !important;background-color: #1e73be !important;}\" halcyon_font_color=\"#ffffff\"][vc_column width=\"1\/2\"][vc_column_text]<\/p><h2><strong>To know more about us<\/strong><\/h2><p>[\/vc_column_text][vc_btn title=\"Check out our services\" style=\"3d\" shape=\"round\" color=\"white\" size=\"lg\" align=\"center\" link=\"url:http%3A%2F%2Fweb.houseofcars.ro%2Findex.php%2Fservices-hoc%2F|||\"][\/vc_column][vc_column width=\"1\/2\"][vc_column_text]<\/p><h2><strong>Know what you want?<\/strong><\/h2><p>[\/vc_column_text][vc_btn title=\"Request a car\" style=\"3d\" shape=\"round\" color=\"white\" size=\"lg\" align=\"center\" link=\"url:http%3A%2F%2Fweb.houseofcars.ro%2Findex.php%2Frequest-a-car%2F|||\"][\/vc_column][\/vc_row]<\/p>"},"_links":{"self":[{"href":"https:\/\/www.houseofcars.ro\/index.php\/wp-json\/wp\/v2\/pages\/2124\/?lang=ro"}],"collection":[{"href":"https:\/\/www.houseofcars.ro\/index.php\/wp-json\/wp\/v2\/pages\/?lang=ro"}],"about":[{"href":"https:\/\/www.houseofcars.ro\/index.php\/wp-json\/wp\/v2\/types\/page\/?lang=ro"}],"author":[{"embeddable":true,"href":"https:\/\/www.houseofcars.ro\/index.php\/wp-json\/wp\/v2\/users\/1\/?lang=ro"}],"replies":[{"embeddable":true,"href":"https:\/\/www.houseofcars.ro\/index.php\/wp-json\/wp\/v2\/comments\/?lang=ro&post=2124"}],"version-history":[{"count":3,"href":"https:\/\/www.houseofcars.ro\/index.php\/wp-json\/wp\/v2\/pages\/2124\/revisions\/?lang=ro"}],"predecessor-version":[{"id":2131,"href":"https:\/\/www.houseofcars.ro\/index.php\/wp-json\/wp\/v2\/pages\/2124\/revisions\/2131\/?lang=ro"}],"wp:attachment":[{"href":"https:\/\/www.houseofcars.ro\/index.php\/wp-json\/wp\/v2\/media\/?lang=ro&parent=2124"}],"curies":[{"name":"wp","href":"https:\/\/api.w.org\/{rel}","templated":true}]}}