{"id":2135,"date":"2018-01-30T12:13:52","date_gmt":"2018-01-30T12:13:52","guid":{"rendered":"https:\/\/www.houseofcars.ro\/?page_id=2135"},"modified":"2018-12-14T14:25:08","modified_gmt":"2018-12-14T11:25:08","slug":"services-hoc","status":"publish","type":"page","link":"https:\/\/www.houseofcars.ro\/index.php\/services-hoc\/?lang=ro","title":{"rendered":"Servicii"},"content":{"rendered":"<p>[et_pb_section fb_built=&#8221;1&#8243; fullwidth=&#8221;on&#8221; _builder_version=&#8221;3.18.7&#8243;][et_pb_fullwidth_image src=&#8221;https:\/\/www.houseofcars.ro\/wp-content\/uploads\/2018\/08\/merce1W.jpg&#8221; _builder_version=&#8221;3.18.7&#8243;][\/et_pb_fullwidth_image][\/et_pb_section][et_pb_section fb_built=&#8221;1&#8243; specialty=&#8221;on&#8221; admin_label=&#8221;All Courses&#8221; _builder_version=&#8221;3.0.82&#8243; custom_padding=&#8221;100px|0px|100px|0px&#8221;][et_pb_column type=&#8221;1_3&#8243; _builder_version=&#8221;3.0.47&#8243; parallax__hover=&#8221;off&#8221; parallax_method__hover=&#8221;on&#8221; parallax=&#8221;off&#8221; parallax_method=&#8221;on&#8221;][et_pb_text _builder_version=&#8221;3.18.7&#8243; text_text_color=&#8221;#282828&#8243; header_font=&#8221;|on|||&#8221; header_text_color=&#8221;#282828&#8243; header_font_size=&#8221;36px&#8221; header_line_height=&#8221;1.5em&#8221; custom_margin=&#8221;||20px|&#8221; animation_style=&#8221;slide&#8221; animation_direction=&#8221;bottom&#8221; animation_intensity_slide=&#8221;10%&#8221; locked=&#8221;off&#8221;]<\/p>\n<h1>Flot\u0103<\/h1>\n<p>[\/et_pb_text][et_pb_divider color=&#8221;#065aa8&#8243; divider_weight=&#8221;4px&#8221; disabled_on=&#8221;on|on|off&#8221; _builder_version=&#8221;3.17.1&#8243; background_size=&#8221;initial&#8221; background_position=&#8221;top_left&#8221; background_repeat=&#8221;repeat&#8221; max_width=&#8221;40px&#8221; module_alignment=&#8221;left&#8221; custom_margin=&#8221;||10px|&#8221; animation_style=&#8221;zoom&#8221; animation_direction=&#8221;left&#8221; saved_tabs=&#8221;all&#8221; locked=&#8221;off&#8221;][\/et_pb_divider][et_pb_text _builder_version=&#8221;3.18.7&#8243; text_text_color=&#8221;#161616&#8243; text_font_size=&#8221;16px&#8221; text_line_height=&#8221;1.9em&#8221; animation_style=&#8221;zoom&#8221; animation_intensity_zoom=&#8221;6%&#8221; locked=&#8221;off&#8221;]<\/p>\n<p><strong>Vrei o flot\u0103 mixta, cu ma\u0219ini diferite?<\/strong><\/p>\n<p>Pentru \u00eentreprinderile mici \u0219i mijlocii oferim posibilitatea achizi\u021bion\u0103rii de flote auto prin intermediul serviciilor noastre de leasing. Acestea pot fi ma\u0219ini second-hand (ex: pentru companii mai mici) sau ma\u0219ini noi, ele pot fi acelea\u0219i ma\u0219ini (marc\u0103, modelul, tip) sau c\u00e2te o ma\u0219in\u0103 diferit\u0103 pentru fiecare angajat. Ca \u0219i \u00een cazul tuturor serviciilor noastre, acesta este un serviciu personalizat, a\u0219a c\u0103 a\u0219tept\u0103m solicit\u0103rile dumneavoastr\u0103.<\/p>\n<p>[\/et_pb_text][\/et_pb_column][et_pb_column type=&#8221;2_3&#8243; specialty_columns=&#8221;2&#8243; _builder_version=&#8221;3.0.47&#8243; parallax__hover=&#8221;off&#8221; parallax_method__hover=&#8221;on&#8221; parallax=&#8221;off&#8221; parallax_method=&#8221;on&#8221;][et_pb_row_inner custom_padding=&#8221;0px|0px|0px|0px&#8221; use_custom_gutter=&#8221;on&#8221; gutter_width=&#8221;1&#8243; module_class_1=&#8221;et_pb_column_1_2&#8243; module_class_2=&#8221;et_pb_column_1_2&#8243; _builder_version=&#8221;3.0.82&#8243; box_shadow_style=&#8221;preset1&#8243; box_shadow_vertical=&#8221;10px&#8221; box_shadow_blur=&#8221;60px&#8221; box_shadow_color=&#8221;rgba(71,74,182,0.12)&#8221; animation_style=&#8221;zoom&#8221; animation_intensity_zoom=&#8221;6%&#8221;][et_pb_column_inner type=&#8221;1_2&#8243; saved_specialty_column_type=&#8221;2_3&#8243; _builder_version=&#8221;3.0.47&#8243; parallax__hover=&#8221;off&#8221; parallax_method__hover=&#8221;on&#8221; module_class__hover=&#8221;et_pb_column_1_2&#8243; parallax=&#8221;off&#8221; parallax_method=&#8221;on&#8221; module_class=&#8221;et_pb_column_1_2&#8243;][et_pb_blurb title=&#8221;Cerere ofert\u0103&#8221; url=&#8221;#&#8221; image=&#8221;https:\/\/www.houseofcars.ro\/wp-content\/uploads\/2018\/11\/request.png&#8221; icon_placement=&#8221;left&#8221; image_max_width=&#8221;64px&#8221; content_max_width=&#8221;1100px&#8221; admin_label=&#8221;Request&#8221; _builder_version=&#8221;3.18.7&#8243; header_font=&#8221;|on|||&#8221; header_text_color=&#8221;#161616&#8243; header_line_height=&#8221;1.5em&#8221; body_text_color=&#8221;#161616&#8243; body_line_height=&#8221;1.9em&#8221; background_color=&#8221;#ffffff&#8221; box_shadow_style=&#8221;preset7&#8243; box_shadow_horizontal=&#8221;-1px&#8221; box_shadow_vertical=&#8221;-1px&#8221; box_shadow_color=&#8221;rgba(71,74,182,0.12)&#8221; text_orientation=&#8221;justified&#8221; custom_margin=&#8221;|||&#8221; custom_padding=&#8221;30px|30px|30px|30px&#8221; animation_style=&#8221;zoom&#8221; animation_direction=&#8221;bottom&#8221; animation_intensity_zoom=&#8221;20%&#8221; animation_starting_opacity=&#8221;100%&#8221; locked=&#8221;off&#8221;]<\/p>\n<p>Indiferent de cerin\u021bele dumneavoastr\u0103 noi v\u0103 putem ajuta s\u0103 gasi\u021bi ma\u0219ina potrivit\u0103. \u00cen baza informa\u021biilor pe care ni le furniza\u021bi \u00eencepem s\u0103 c\u0103ut\u0103m cea mai potrivit\u0103 ma\u0219in\u0103 pentru dumneavoastr\u0103 sau pentru compania dumneavoastr\u0103.<\/p>\n<p>[\/et_pb_blurb][et_pb_blurb title=&#8221;Leasing&#8221; url=&#8221;#&#8221; image=&#8221;https:\/\/www.houseofcars.ro\/wp-content\/uploads\/2018\/11\/leasing.png&#8221; icon_placement=&#8221;left&#8221; image_max_width=&#8221;64px&#8221; content_max_width=&#8221;1100px&#8221; admin_label=&#8221;Leasing&#8221; _builder_version=&#8221;3.18.7&#8243; header_font=&#8221;|on|||&#8221; header_text_color=&#8221;#161616&#8243; header_line_height=&#8221;1.5em&#8221; body_text_color=&#8221;#161616&#8243; body_line_height=&#8221;1.9em&#8221; background_color=&#8221;#ffffff&#8221; box_shadow_style=&#8221;preset7&#8243; box_shadow_horizontal=&#8221;-1px&#8221; box_shadow_vertical=&#8221;-1px&#8221; box_shadow_color=&#8221;rgba(71,74,182,0.12)&#8221; text_orientation=&#8221;justified&#8221; custom_margin=&#8221;|||&#8221; custom_padding=&#8221;30px|30px|30px|30px&#8221; animation_style=&#8221;zoom&#8221; animation_direction=&#8221;bottom&#8221; animation_intensity_zoom=&#8221;20%&#8221; animation_starting_opacity=&#8221;100%&#8221; locked=&#8221;off&#8221;]<\/p>\n<p>Oferim op\u021biuni de leasing prin partenerul nostru at\u00e2t pentru autoturismele noi, c\u00e2t \u0219i pentru cele second-hand. Acest lucru faciliteaz\u0103 accesul dvs. sau al companiei dvs. la autoturismul \/ autoturismele de care ave\u021bi nevoie. Cu ajutorul acestui serviciu pute\u021bi utiliza banii disponibili pentru a oferi un avans \u00een achizi\u021bia dvs., permi\u021b\u00e2ndu-v\u0103 s\u0103 alege\u021bi un model mai nou sau chiar o ma\u0219in\u0103 nou\u0103, dup\u0103 caz.<\/p>\n<p>[\/et_pb_blurb][et_pb_blurb title=&#8221;Service&#8221; url=&#8221;#&#8221; image=&#8221;https:\/\/www.houseofcars.ro\/wp-content\/uploads\/2018\/11\/services.png&#8221; icon_placement=&#8221;left&#8221; image_max_width=&#8221;64px&#8221; content_max_width=&#8221;1100px&#8221; admin_label=&#8221;Service&#8221; _builder_version=&#8221;3.18.7&#8243; header_font=&#8221;|on|||&#8221; header_text_color=&#8221;#161616&#8243; header_line_height=&#8221;1.5em&#8221; body_text_color=&#8221;#161616&#8243; body_line_height=&#8221;1.9em&#8221; background_color=&#8221;#ffffff&#8221; box_shadow_style=&#8221;preset7&#8243; box_shadow_horizontal=&#8221;-1px&#8221; box_shadow_vertical=&#8221;-1px&#8221; box_shadow_color=&#8221;rgba(71,74,182,0.12)&#8221; text_orientation=&#8221;justified&#8221; custom_margin=&#8221;|||&#8221; custom_padding=&#8221;30px|30px|30px|30px&#8221; animation_style=&#8221;zoom&#8221; animation_direction=&#8221;bottom&#8221; animation_intensity_zoom=&#8221;20%&#8221; animation_starting_opacity=&#8221;100%&#8221; locked=&#8221;off&#8221;]<\/p>\n<p>Dorim s\u0103 deschid propriul nostru service \u00een anii ce urmeaz\u0103 dar pentru moment v\u0103 putem face c\u00e2teva recomand\u0103ri c\u0103tre partenerii no\u0219tri, \u00een func\u021bie de marca aleas\u0103.<\/p>\n<p>[\/et_pb_blurb][et_pb_blurb title=&#8221;B2B&#8221; url=&#8221;#&#8221; image=&#8221;https:\/\/www.houseofcars.ro\/wp-content\/uploads\/2018\/11\/b2b.png&#8221; icon_placement=&#8221;left&#8221; image_max_width=&#8221;64px&#8221; content_max_width=&#8221;1100px&#8221; admin_label=&#8221;B2B&#8221; _builder_version=&#8221;3.18.7&#8243; header_font=&#8221;|on|||&#8221; header_text_color=&#8221;#161616&#8243; header_line_height=&#8221;1.5em&#8221; body_text_color=&#8221;#161616&#8243; body_line_height=&#8221;1.9em&#8221; background_color=&#8221;#ffffff&#8221; box_shadow_style=&#8221;preset7&#8243; box_shadow_horizontal=&#8221;-1px&#8221; box_shadow_vertical=&#8221;-1px&#8221; box_shadow_color=&#8221;rgba(71,74,182,0.12)&#8221; text_orientation=&#8221;justified&#8221; custom_margin=&#8221;|||&#8221; custom_padding=&#8221;30px|30px|30px|30px&#8221; animation_style=&#8221;zoom&#8221; animation_direction=&#8221;bottom&#8221; animation_intensity_zoom=&#8221;20%&#8221; animation_starting_opacity=&#8221;100%&#8221; locked=&#8221;off&#8221;]<\/p>\n<p>Alturi de serviciile de mai sus oferim \u0219i servicii de consultan\u021b\u0103 pentru \u00eentreprinderi. Dac\u0103 sunte\u021bi o companie care vinde autoturisme de second-hand, un Autohaus sau orice alt fel de afacere care vinde sau intermediaz\u0103 achizi\u021bii auto \u0219i dori\u021bi s\u0103 accesa\u021bi oricare dintre serviciile de mai sus, v\u0103 rug\u0103m s\u0103 ne contacta\u021bi.<\/p>\n<p>[\/et_pb_blurb][\/et_pb_column_inner][et_pb_column_inner type=&#8221;1_2&#8243; saved_specialty_column_type=&#8221;2_3&#8243; _builder_version=&#8221;3.0.47&#8243; parallax__hover=&#8221;off&#8221; parallax_method__hover=&#8221;on&#8221; module_class__hover=&#8221;et_pb_column_1_2&#8243; parallax=&#8221;off&#8221; parallax_method=&#8221;on&#8221; module_class=&#8221;et_pb_column_1_2&#8243;][et_pb_blurb title=&#8221;Ma\u0219ini noi&#8221; url=&#8221;#&#8221; image=&#8221;https:\/\/www.houseofcars.ro\/wp-content\/uploads\/2018\/11\/brand-new-car.png&#8221; icon_placement=&#8221;left&#8221; image_max_width=&#8221;64px&#8221; content_max_width=&#8221;1100px&#8221; admin_label=&#8221;New Cars&#8221; _builder_version=&#8221;3.18.7&#8243; header_font=&#8221;|on|||&#8221; header_text_color=&#8221;#161616&#8243; header_line_height=&#8221;1.5em&#8221; body_text_color=&#8221;#161616&#8243; body_line_height=&#8221;1.9em&#8221; background_color=&#8221;#ffffff&#8221; box_shadow_style=&#8221;preset7&#8243; box_shadow_horizontal=&#8221;-1px&#8221; box_shadow_vertical=&#8221;-1px&#8221; box_shadow_color=&#8221;rgba(71,74,182,0.12)&#8221; text_orientation=&#8221;justified&#8221; custom_margin=&#8221;|||&#8221; custom_padding=&#8221;30px|30px|30px|30px&#8221; animation_style=&#8221;zoom&#8221; animation_direction=&#8221;bottom&#8221; animation_intensity_zoom=&#8221;20%&#8221; animation_starting_opacity=&#8221;100%&#8221; locked=&#8221;off&#8221;]<\/p>\n<p>De\u0219i am \u00eenceput ca o reprezentan\u021b\u0103 de ma\u0219ini second-hand, oferim acum posibilitatea de a achizi\u021biona, prin serviciile noastre de leasing, ma\u0219ini noi.<\/p>\n<p>[\/et_pb_blurb][et_pb_blurb title=&#8221;Ma\u0219ini second-hand&#8221; url=&#8221;#&#8221; image=&#8221;https:\/\/www.houseofcars.ro\/wp-content\/uploads\/2018\/11\/second-hand-car.png&#8221; icon_placement=&#8221;left&#8221; image_max_width=&#8221;64px&#8221; content_max_width=&#8221;1100px&#8221; admin_label=&#8221;Second Hand Cars&#8221; _builder_version=&#8221;3.18.7&#8243; header_font=&#8221;|on|||&#8221; header_text_color=&#8221;#161616&#8243; header_line_height=&#8221;1.5em&#8221; body_text_color=&#8221;#161616&#8243; body_line_height=&#8221;1.9em&#8221; background_color=&#8221;#ffffff&#8221; box_shadow_style=&#8221;preset7&#8243; box_shadow_horizontal=&#8221;-1px&#8221; box_shadow_vertical=&#8221;-1px&#8221; box_shadow_color=&#8221;rgba(71,74,182,0.12)&#8221; text_orientation=&#8221;justified&#8221; custom_margin=&#8221;|||&#8221; custom_padding=&#8221;30px|30px|30px|30px&#8221; animation_style=&#8221;zoom&#8221; animation_direction=&#8221;bottom&#8221; animation_intensity_zoom=&#8221;20%&#8221; animation_starting_opacity=&#8221;100%&#8221; locked=&#8221;off&#8221;]<\/p>\n<p>Principalul nostru obiectiv este s\u0103 g\u0103sim cea mai potrivit\u0103\/ cele mia potrivite ma\u0219ini second-hand de pe pia\u021b\u0103 pentru dvs. Ne dorim s\u0103 ob\u021bine\u021bi cea mai bun\u0103 ofert\u0103 pentru modelul \u0219i specifica\u021biile pe care le-a\u021bi solicitat. V\u0103 putem livra acest lucru prin achizi\u021bie direct\u0103 sau cu ajutorul programului nostru de leasing.<\/p>\n<p>[\/et_pb_blurb][et_pb_blurb title=&#8221;Epave&#8221; url=&#8221;#&#8221; image=&#8221;https:\/\/www.houseofcars.ro\/wp-content\/uploads\/2018\/11\/wreck.png&#8221; icon_placement=&#8221;left&#8221; image_max_width=&#8221;64px&#8221; content_max_width=&#8221;1100px&#8221; admin_label=&#8221;Wrecks&#8221; _builder_version=&#8221;3.18.7&#8243; header_font=&#8221;|on|||&#8221; header_text_color=&#8221;#161616&#8243; header_line_height=&#8221;1.5em&#8221; body_text_color=&#8221;#161616&#8243; body_line_height=&#8221;1.9em&#8221; background_color=&#8221;#ffffff&#8221; box_shadow_style=&#8221;preset7&#8243; box_shadow_horizontal=&#8221;-1px&#8221; box_shadow_vertical=&#8221;-1px&#8221; box_shadow_color=&#8221;rgba(71,74,182,0.12)&#8221; text_orientation=&#8221;justified&#8221; custom_margin=&#8221;|||&#8221; custom_padding=&#8221;30px|30px|30px|30px&#8221; animation_style=&#8221;zoom&#8221; animation_direction=&#8221;bottom&#8221; animation_intensity_zoom=&#8221;20%&#8221; animation_starting_opacity=&#8221;100%&#8221; locked=&#8221;off&#8221;]<\/p>\n<p>Pentru cei c\u0103rora le place s\u0103 repare sau prefer\u0103 ceva lovit la un pre\u021b mai sc\u0103zut oferim \u0219i posibilitatea de achizi\u021bie epave. Nu exist\u0103 op\u021biunea de leasing pentru acest serviciu.<\/p>\n<p>[\/et_pb_blurb][et_pb_blurb title=&#8221;Piese auto&#8221; url=&#8221;#&#8221; image=&#8221;https:\/\/www.houseofcars.ro\/wp-content\/uploads\/2018\/11\/car-parts.png&#8221; icon_placement=&#8221;left&#8221; image_max_width=&#8221;64px&#8221; content_max_width=&#8221;1100px&#8221; admin_label=&#8221;Car parts&#8221; _builder_version=&#8221;3.18.7&#8243; header_font=&#8221;|on|||&#8221; header_text_color=&#8221;#161616&#8243; header_line_height=&#8221;1.5em&#8221; body_text_color=&#8221;#161616&#8243; body_line_height=&#8221;1.9em&#8221; background_color=&#8221;#ffffff&#8221; box_shadow_style=&#8221;preset7&#8243; box_shadow_horizontal=&#8221;-1px&#8221; box_shadow_vertical=&#8221;-1px&#8221; box_shadow_color=&#8221;rgba(71,74,182,0.12)&#8221; text_orientation=&#8221;justified&#8221; custom_margin=&#8221;|||&#8221; custom_padding=&#8221;30px|30px|30px|30px&#8221; animation_style=&#8221;zoom&#8221; animation_direction=&#8221;bottom&#8221; animation_intensity_zoom=&#8221;20%&#8221; animation_starting_opacity=&#8221;100%&#8221; locked=&#8221;off&#8221;]<\/p>\n<p>Oferim op\u021biunea achizi\u021bion\u0103rii de piese auto, fie OEM, fie original de la produc\u0103tor. Aceste servicii sunt destinate comenzilor mari \u00een vrac sau clien\u021bilor no\u0219tri actuali.<\/p>\n<p>[\/et_pb_blurb][\/et_pb_column_inner][\/et_pb_row_inner][\/et_pb_column][\/et_pb_section][et_pb_section fb_built=&#8221;1&#8243; _builder_version=&#8221;3.18.6&#8243; background_image=&#8221;https:\/\/www.houseofcars.ro\/wp-content\/uploads\/2018\/08\/m4w2.jpg&#8221; custom_padding=&#8221;150px|0px|150px|0px&#8221;][et_pb_row _builder_version=&#8221;3.17.1&#8243; background_size=&#8221;initial&#8221; background_position=&#8221;top_left&#8221; background_repeat=&#8221;repeat&#8221;][et_pb_column type=&#8221;1_2&#8243; _builder_version=&#8221;3.0.47&#8243; parallax=&#8221;off&#8221; parallax_method=&#8221;on&#8221;][et_pb_text _builder_version=&#8221;3.18.6&#8243; text_text_color=&#8221;#ffffff&#8221; text_font_size=&#8221;32px&#8221; header_text_align=&#8221;center&#8221; header_text_color=&#8221;#ffffff&#8221; header_font_size=&#8221;40px&#8221;]<\/p>\n<h1><strong>Vrei s\u0103 afli mai multe\u00a0<\/strong><\/h1>\n<p>[\/et_pb_text][et_pb_button button_url=&#8221;\/index.php\/servicii\/?lang=ro&#8221; button_text=&#8221;Servicii&#8221; button_alignment=&#8221;center&#8221; _builder_version=&#8221;3.18.6&#8243; custom_button=&#8221;on&#8221; button_text_color=&#8221;#b2b2b2&#8243; button_bg_color=&#8221;#ffffff&#8221; button_border_color=&#8221;#ffffff&#8221; button_border_radius=&#8221;20&#8243;]<\/p>\n<p>\n&nbsp;<\/p>\n<p>[\/et_pb_button][\/et_pb_column][et_pb_column type=&#8221;1_2&#8243; _builder_version=&#8221;3.0.47&#8243; parallax=&#8221;off&#8221; parallax_method=&#8221;on&#8221;][et_pb_text _builder_version=&#8221;3.18.6&#8243; header_text_align=&#8221;center&#8221; header_text_color=&#8221;#ffffff&#8221; header_font_size=&#8221;40px&#8221;]<\/p>\n<h1><strong>\u0218tii ce ma\u0219in\u0103 vrei?<\/strong><\/h1>\n<p>[\/et_pb_text][et_pb_button button_url=&#8221;\/index.php\/cere-oferta\/?lang=ro&#8221; button_text=&#8221;Cere ofert\u0103&#8221; button_alignment=&#8221;center&#8221; _builder_version=&#8221;3.18.6&#8243; custom_button=&#8221;on&#8221; button_text_color=&#8221;#b2b2b2&#8243; button_bg_color=&#8221;#ffffff&#8221; button_border_color=&#8221;#ffffff&#8221; button_border_radius=&#8221;20&#8243;]<\/p>\n<p>\n&nbsp;<\/p>\n<p>[\/et_pb_button][\/et_pb_column][\/et_pb_row][\/et_pb_section]<\/p>\n","protected":false},"excerpt":{"rendered":"<p>Lorem ipsum dolor sit amet, consectetur adipiscing elit. Phasellus ut hendrerit felis. Duis volutpat dui quis est laoreet cursus. Nulla vel mollis magna. Integer vel egestas purus. Pellentesque ipsum nisi, dapibus eu ullamcorper a, dignissim id nibh dolor sit amet.<\/p>\n","protected":false},"author":1,"featured_media":0,"parent":0,"menu_order":0,"comment_status":"closed","ping_status":"closed","template":"","meta":{"_et_pb_use_builder":"on","_et_pb_old_content":""},"_links":{"self":[{"href":"https:\/\/www.houseofcars.ro\/index.php\/wp-json\/wp\/v2\/pages\/2135\/?lang=ro"}],"collection":[{"href":"https:\/\/www.houseofcars.ro\/index.php\/wp-json\/wp\/v2\/pages\/?lang=ro"}],"about":[{"href":"https:\/\/www.houseofcars.ro\/index.php\/wp-json\/wp\/v2\/types\/page\/?lang=ro"}],"author":[{"embeddable":true,"href":"https:\/\/www.houseofcars.ro\/index.php\/wp-json\/wp\/v2\/users\/1\/?lang=ro"}],"replies":[{"embeddable":true,"href":"https:\/\/www.houseofcars.ro\/index.php\/wp-json\/wp\/v2\/comments\/?lang=ro&post=2135"}],"version-history":[{"count":12,"href":"https:\/\/www.houseofcars.ro\/index.php\/wp-json\/wp\/v2\/pages\/2135\/revisions\/?lang=ro"}],"predecessor-version":[{"id":2197,"href":"https:\/\/www.houseofcars.ro\/index.php\/wp-json\/wp\/v2\/pages\/2135\/revisions\/2197\/?lang=ro"}],"wp:attachment":[{"href":"https:\/\/www.houseofcars.ro\/index.php\/wp-json\/wp\/v2\/media\/?lang=ro&parent=2135"}],"curies":[{"name":"wp","href":"https:\/\/api.w.org\/{rel}","templated":true}]}}